{"id":382,"date":"2019-01-10T09:14:44","date_gmt":"2019-01-10T08:14:44","guid":{"rendered":"http:\/\/innovet.dev.azedo.at\/at\/?page_id=382"},"modified":"2019-04-04T11:12:12","modified_gmt":"2019-04-04T09:12:12","slug":"registrierungsinformation","status":"publish","type":"page","link":"https:\/\/www.innovet.at\/at\/registrierungsinformation\/","title":{"rendered":"Registrierungsinformation"},"content":{"rendered":"\t\t<div data-elementor-type=\"wp-post\" data-elementor-id=\"382\" class=\"elementor elementor-382\">\n\t\t\t\t\t\t<section class=\"elementor-section elementor-top-section elementor-element elementor-element-72e1866 elementor-section-boxed elementor-section-height-default elementor-section-height-default\" data-id=\"72e1866\" data-element_type=\"section\">\n\t\t\t\t\t\t<div class=\"elementor-container elementor-column-gap-default\">\n\t\t\t\t\t<div class=\"elementor-column elementor-col-100 elementor-top-column elementor-element elementor-element-b0aeb68\" data-id=\"b0aeb68\" data-element_type=\"column\">\n\t\t\t<div class=\"elementor-widget-wrap elementor-element-populated\">\n\t\t\t\t\t\t<section class=\"elementor-section elementor-inner-section elementor-element elementor-element-13a661a elementor-section-boxed elementor-section-height-default elementor-section-height-default\" data-id=\"13a661a\" data-element_type=\"section\">\n\t\t\t\t\t\t<div class=\"elementor-container elementor-column-gap-default\">\n\t\t\t\t\t<div class=\"elementor-column elementor-col-50 elementor-inner-column elementor-element elementor-element-51ecd1c\" data-id=\"51ecd1c\" data-element_type=\"column\">\n\t\t\t<div class=\"elementor-widget-wrap elementor-element-populated\">\n\t\t\t\t\t\t<div class=\"elementor-element elementor-element-13097a1 elementor-widget elementor-widget-text-editor\" data-id=\"13097a1\" data-element_type=\"widget\" data-widget_type=\"text-editor.default\">\n\t\t\t\t<div class=\"elementor-widget-container\">\n\t\t\t\t\t\t\t<h2>Lehrlingsprofil<\/h2><p>Lege dein pers\u00f6nliches Profil an, suche in den ausgeschriebenen Lehrstellen oder lasse dich von Unternehmen finden.<\/p><p>Wichtig: deine Daten werden absolut vertraulich behandelt! Eingeloggte Unternehmen k\u00f6nnen nur sehen, was du Ihnen zeigen m\u00f6chtest.<\/p><p>\u00a0<\/p>\t\t\t\t\t\t<\/div>\n\t\t\t\t<\/div>\n\t\t\t\t<div class=\"elementor-element elementor-element-6aabeeb elementor-widget elementor-widget-button\" data-id=\"6aabeeb\" data-element_type=\"widget\" data-widget_type=\"button.default\">\n\t\t\t\t<div class=\"elementor-widget-container\">\n\t\t\t\t\t<div class=\"elementor-button-wrapper\">\n\t\t\t<a class=\"elementor-button elementor-button-link elementor-size-md\" href=\"\/at\/register\/\" target=\"_blank\">\n\t\t\t\t\t\t<span class=\"elementor-button-content-wrapper\">\n\t\t\t\t\t\t<span class=\"elementor-button-icon elementor-align-icon-left\">\n\t\t\t\t\t\t\t\t\t<i class=\"fa fa-check-circle-o\" aria-hidden=\"true\"><\/i>\n\t\t\t\t\t\t\t<\/span>\n\t\t\t\t\t\t\t\t\t<span class=\"elementor-button-text\">Registriere dich jetzt!<\/span>\n\t\t\t\t\t<\/span>\n\t\t\t\t\t<\/a>\n\t\t<\/div>\n\t\t\t\t<\/div>\n\t\t\t\t<\/div>\n\t\t\t\t\t<\/div>\n\t\t<\/div>\n\t\t\t\t<div class=\"elementor-column elementor-col-50 elementor-inner-column elementor-element elementor-element-4cc75f7\" data-id=\"4cc75f7\" data-element_type=\"column\">\n\t\t\t<div class=\"elementor-widget-wrap elementor-element-populated\">\n\t\t\t\t\t\t<div class=\"elementor-element elementor-element-8c4c874 elementor-widget elementor-widget-text-editor\" data-id=\"8c4c874\" data-element_type=\"widget\" data-widget_type=\"text-editor.default\">\n\t\t\t\t<div class=\"elementor-widget-container\">\n\t\t\t\t\t\t\t<h2>Firmenprofil<\/h2><p>Legen Sie Ihr Unternehmensprofil an, erstellen und bearbeiten Sie offene Lehrstellen und treten Sie mit potentiellen Kandidaten in Kontakt<\/p>\t\t\t\t\t\t<\/div>\n\t\t\t\t<\/div>\n\t\t\t\t<div class=\"elementor-element elementor-element-7fe647e elementor-widget elementor-widget-button\" data-id=\"7fe647e\" data-element_type=\"widget\" data-widget_type=\"button.default\">\n\t\t\t\t<div class=\"elementor-widget-container\">\n\t\t\t\t\t<div class=\"elementor-button-wrapper\">\n\t\t\t<a class=\"elementor-button elementor-button-link elementor-size-md\" href=\"\/at\/registrierungsanfrage-betriebe\/\">\n\t\t\t\t\t\t<span class=\"elementor-button-content-wrapper\">\n\t\t\t\t\t\t<span class=\"elementor-button-icon elementor-align-icon-left\">\n\t\t\t\t\t\t\t\t\t<i class=\"fa fa-share\" aria-hidden=\"true\"><\/i>\n\t\t\t\t\t\t\t<\/span>\n\t\t\t\t\t\t\t\t\t<span class=\"elementor-button-text\">Registrierungsanfrage stellen<\/span>\n\t\t\t\t\t<\/span>\n\t\t\t\t\t<\/a>\n\t\t<\/div>\n\t\t\t\t<\/div>\n\t\t\t\t<\/div>\n\t\t\t\t<div class=\"elementor-element elementor-element-fd423ec elementor-alert-info elementor-widget elementor-widget-alert\" data-id=\"fd423ec\" data-element_type=\"widget\" data-widget_type=\"alert.default\">\n\t\t\t\t<div class=\"elementor-widget-container\">\n\t\t\t\t\t<div class=\"elementor-alert\" role=\"alert\">\n\n\t\t\t\t\t\t<span class=\"elementor-alert-title\">Hinweis zur Freigabe des Firmenprofils in Slowenien<\/span>\n\t\t\t\n\t\t\t\t\t\t<span class=\"elementor-alert-description\">Wenn Sie bereits ein Firmenprofil im \u00f6sterreichischen Lehrlingsportal haben, k\u00f6nnen k\u00f6nnen Sie ohne erneute Freischaltung ein Profil im slowenischen Lehrlingsportal erstellen. \n\nWechseln Sie auf das slowenische Lehrlingsportal (Flagge im Men\u00fc) und danach folgen Sie dem Link im Header<\/span>\n\t\t\t\n\t\t\t\t\t\t<button type=\"button\" class=\"elementor-alert-dismiss\">\n\t\t\t\t\t\t\t\t\t<span aria-hidden=\"true\">&times;<\/span>\n\t\t\t\t\t\t\t\t<span class=\"elementor-screen-only\">Hinweis ausblenden.<\/span>\n\t\t\t<\/button>\n\t\t\t\n\t\t<\/div>\n\t\t\t\t<\/div>\n\t\t\t\t<\/div>\n\t\t\t\t\t<\/div>\n\t\t<\/div>\n\t\t\t\t\t<\/div>\n\t\t<\/section>\n\t\t\t\t\t<\/div>\n\t\t<\/div>\n\t\t\t\t\t<\/div>\n\t\t<\/section>\n\t\t\t\t<section class=\"elementor-section elementor-top-section elementor-element elementor-element-1443c6d elementor-section-boxed elementor-section-height-default elementor-section-height-default\" data-id=\"1443c6d\" data-element_type=\"section\">\n\t\t\t\t\t\t<div class=\"elementor-container elementor-column-gap-default\">\n\t\t\t\t\t<div class=\"elementor-column elementor-col-100 elementor-top-column elementor-element elementor-element-f5f01a8\" data-id=\"f5f01a8\" data-element_type=\"column\">\n\t\t\t<div class=\"elementor-widget-wrap elementor-element-populated\">\n\t\t\t\t\t\t<div class=\"elementor-element elementor-element-4b053ff elementor-widget-divider--view-line elementor-widget elementor-widget-divider\" data-id=\"4b053ff\" data-element_type=\"widget\" data-widget_type=\"divider.default\">\n\t\t\t\t<div class=\"elementor-widget-container\">\n\t\t\t\t\t<div class=\"elementor-divider\">\n\t\t\t<span class=\"elementor-divider-separator\">\n\t\t\t\t\t\t<\/span>\n\t\t<\/div>\n\t\t\t\t<\/div>\n\t\t\t\t<\/div>\n\t\t\t\t<div class=\"elementor-element elementor-element-3f0b21b elementor-align-left elementor-widget elementor-widget-button\" data-id=\"3f0b21b\" data-element_type=\"widget\" data-widget_type=\"button.default\">\n\t\t\t\t<div class=\"elementor-widget-container\">\n\t\t\t\t\t<div class=\"elementor-button-wrapper\">\n\t\t\t<a class=\"elementor-button elementor-button-link elementor-size-md\" href=\"\/de\/datenschutz\/\">\n\t\t\t\t\t\t<span class=\"elementor-button-content-wrapper\">\n\t\t\t\t\t\t<span class=\"elementor-button-icon elementor-align-icon-left\">\n\t\t\t\t\t\t\t\t\t<i class=\"fa fa-angle-double-right\" aria-hidden=\"true\"><\/i>\n\t\t\t\t\t\t\t<\/span>\n\t\t\t\t\t\t\t\t\t<span class=\"elementor-button-text\">zur Datenschutzerkl\u00e4rung<\/span>\n\t\t\t\t\t<\/span>\n\t\t\t\t\t<\/a>\n\t\t<\/div>\n\t\t\t\t<\/div>\n\t\t\t\t<\/div>\n\t\t\t\t\t<\/div>\n\t\t<\/div>\n\t\t\t\t\t<\/div>\n\t\t<\/section>\n\t\t\t\t<\/div>\n\t\t","protected":false},"excerpt":{"rendered":"<p>Lehrlingsprofil Lege dein pers\u00f6nliches Profil an, suche in den ausgeschriebenen Lehrstellen oder lasse dich von Unternehmen finden. Wichtig: deine Daten werden absolut vertraulich behandelt! Eingeloggte Unternehmen k\u00f6nnen nur sehen, was du Ihnen zeigen m\u00f6chtest. \u00a0 Registriere dich jetzt! Firmenprofil Legen Sie Ihr Unternehmensprofil an, erstellen und bearbeiten Sie offene Lehrstellen und treten Sie mit potentiellen &#8230; <a title=\"Registrierungsinformation\" class=\"read-more\" href=\"https:\/\/www.innovet.at\/at\/registrierungsinformation\/\" aria-label=\"Mehr Informationen \u00fcber Registrierungsinformation\">Read more<\/a><\/p>\n","protected":false},"author":2,"featured_media":0,"parent":0,"menu_order":0,"comment_status":"closed","ping_status":"closed","template":"","meta":{"footnotes":""},"yoast_head":"<!-- This site is optimized with the Yoast SEO plugin v22.7 - https:\/\/yoast.com\/wordpress\/plugins\/seo\/ -->\n<title>Registrierungsinformation - INNOVET \u00d6sterreich<\/title>\n<meta name=\"robots\" content=\"index, follow, max-snippet:-1, max-image-preview:large, max-video-preview:-1\" \/>\n<link rel=\"canonical\" href=\"https:\/\/www.innovet.at\/at\/registrierungsinformation\/\" \/>\n<meta property=\"og:locale\" content=\"de_DE\" \/>\n<meta property=\"og:type\" content=\"article\" \/>\n<meta property=\"og:title\" content=\"Registrierungsinformation - INNOVET \u00d6sterreich\" \/>\n<meta property=\"og:description\" content=\"Lehrlingsprofil Lege dein pers\u00f6nliches Profil an, suche in den ausgeschriebenen Lehrstellen oder lasse dich von Unternehmen finden. Wichtig: deine Daten werden absolut vertraulich behandelt! Eingeloggte Unternehmen k\u00f6nnen nur sehen, was du Ihnen zeigen m\u00f6chtest. \u00a0 Registriere dich jetzt! Firmenprofil Legen Sie Ihr Unternehmensprofil an, erstellen und bearbeiten Sie offene Lehrstellen und treten Sie mit potentiellen ... Read more\" \/>\n<meta property=\"og:url\" content=\"https:\/\/www.innovet.at\/at\/registrierungsinformation\/\" \/>\n<meta property=\"og:site_name\" content=\"INNOVET \u00d6sterreich\" \/>\n<meta property=\"article:modified_time\" content=\"2019-04-04T09:12:12+00:00\" \/>\n<meta name=\"twitter:card\" content=\"summary_large_image\" \/>\n<meta name=\"twitter:label1\" content=\"Gesch\u00e4tzte Lesezeit\" \/>\n\t<meta name=\"twitter:data1\" content=\"1\u00a0Minute\" \/>\n<script type=\"application\/ld+json\" class=\"yoast-schema-graph\">{\"@context\":\"https:\/\/schema.org\",\"@graph\":[{\"@type\":\"WebPage\",\"@id\":\"https:\/\/www.innovet.at\/at\/registrierungsinformation\/\",\"url\":\"https:\/\/www.innovet.at\/at\/registrierungsinformation\/\",\"name\":\"Registrierungsinformation - INNOVET \u00d6sterreich\",\"isPartOf\":{\"@id\":\"https:\/\/www.innovet.at\/at\/#website\"},\"datePublished\":\"2019-01-10T08:14:44+00:00\",\"dateModified\":\"2019-04-04T09:12:12+00:00\",\"breadcrumb\":{\"@id\":\"https:\/\/www.innovet.at\/at\/registrierungsinformation\/#breadcrumb\"},\"inLanguage\":\"de\",\"potentialAction\":[{\"@type\":\"ReadAction\",\"target\":[\"https:\/\/www.innovet.at\/at\/registrierungsinformation\/\"]}]},{\"@type\":\"BreadcrumbList\",\"@id\":\"https:\/\/www.innovet.at\/at\/registrierungsinformation\/#breadcrumb\",\"itemListElement\":[{\"@type\":\"ListItem\",\"position\":1,\"name\":\"Startseite\",\"item\":\"https:\/\/www.innovet.at\/at\/\"},{\"@type\":\"ListItem\",\"position\":2,\"name\":\"Registrierungsinformation\"}]},{\"@type\":\"WebSite\",\"@id\":\"https:\/\/www.innovet.at\/at\/#website\",\"url\":\"https:\/\/www.innovet.at\/at\/\",\"name\":\"INNOVET \u00d6sterreich\",\"description\":\"Eine weitere INNOVET Websites Website\",\"publisher\":{\"@id\":\"https:\/\/www.innovet.at\/at\/#organization\"},\"potentialAction\":[{\"@type\":\"SearchAction\",\"target\":{\"@type\":\"EntryPoint\",\"urlTemplate\":\"https:\/\/www.innovet.at\/at\/?s={search_term_string}\"},\"query-input\":\"required name=search_term_string\"}],\"inLanguage\":\"de\"},{\"@type\":\"Organization\",\"@id\":\"https:\/\/www.innovet.at\/at\/#organization\",\"name\":\"INNOVET \u00d6sterreich\",\"url\":\"https:\/\/www.innovet.at\/at\/\",\"logo\":{\"@type\":\"ImageObject\",\"inLanguage\":\"de\",\"@id\":\"https:\/\/www.innovet.at\/at\/#\/schema\/logo\/image\/\",\"url\":\"https:\/\/www.innovet.at\/at\/wp-content\/uploads\/sites\/3\/2018\/09\/cropped-innovet-logo-orange.png\",\"contentUrl\":\"https:\/\/www.innovet.at\/at\/wp-content\/uploads\/sites\/3\/2018\/09\/cropped-innovet-logo-orange.png\",\"width\":856,\"height\":323,\"caption\":\"INNOVET \u00d6sterreich\"},\"image\":{\"@id\":\"https:\/\/www.innovet.at\/at\/#\/schema\/logo\/image\/\"}}]}<\/script>\n<!-- \/ Yoast SEO plugin. -->","yoast_head_json":{"title":"Registrierungsinformation - INNOVET \u00d6sterreich","robots":{"index":"index","follow":"follow","max-snippet":"max-snippet:-1","max-image-preview":"max-image-preview:large","max-video-preview":"max-video-preview:-1"},"canonical":"https:\/\/www.innovet.at\/at\/registrierungsinformation\/","og_locale":"de_DE","og_type":"article","og_title":"Registrierungsinformation - INNOVET \u00d6sterreich","og_description":"Lehrlingsprofil Lege dein pers\u00f6nliches Profil an, suche in den ausgeschriebenen Lehrstellen oder lasse dich von Unternehmen finden. Wichtig: deine Daten werden absolut vertraulich behandelt! Eingeloggte Unternehmen k\u00f6nnen nur sehen, was du Ihnen zeigen m\u00f6chtest. \u00a0 Registriere dich jetzt! Firmenprofil Legen Sie Ihr Unternehmensprofil an, erstellen und bearbeiten Sie offene Lehrstellen und treten Sie mit potentiellen ... Read more","og_url":"https:\/\/www.innovet.at\/at\/registrierungsinformation\/","og_site_name":"INNOVET \u00d6sterreich","article_modified_time":"2019-04-04T09:12:12+00:00","twitter_card":"summary_large_image","twitter_misc":{"Gesch\u00e4tzte Lesezeit":"1\u00a0Minute"},"schema":{"@context":"https:\/\/schema.org","@graph":[{"@type":"WebPage","@id":"https:\/\/www.innovet.at\/at\/registrierungsinformation\/","url":"https:\/\/www.innovet.at\/at\/registrierungsinformation\/","name":"Registrierungsinformation - INNOVET \u00d6sterreich","isPartOf":{"@id":"https:\/\/www.innovet.at\/at\/#website"},"datePublished":"2019-01-10T08:14:44+00:00","dateModified":"2019-04-04T09:12:12+00:00","breadcrumb":{"@id":"https:\/\/www.innovet.at\/at\/registrierungsinformation\/#breadcrumb"},"inLanguage":"de","potentialAction":[{"@type":"ReadAction","target":["https:\/\/www.innovet.at\/at\/registrierungsinformation\/"]}]},{"@type":"BreadcrumbList","@id":"https:\/\/www.innovet.at\/at\/registrierungsinformation\/#breadcrumb","itemListElement":[{"@type":"ListItem","position":1,"name":"Startseite","item":"https:\/\/www.innovet.at\/at\/"},{"@type":"ListItem","position":2,"name":"Registrierungsinformation"}]},{"@type":"WebSite","@id":"https:\/\/www.innovet.at\/at\/#website","url":"https:\/\/www.innovet.at\/at\/","name":"INNOVET \u00d6sterreich","description":"Eine weitere INNOVET Websites Website","publisher":{"@id":"https:\/\/www.innovet.at\/at\/#organization"},"potentialAction":[{"@type":"SearchAction","target":{"@type":"EntryPoint","urlTemplate":"https:\/\/www.innovet.at\/at\/?s={search_term_string}"},"query-input":"required name=search_term_string"}],"inLanguage":"de"},{"@type":"Organization","@id":"https:\/\/www.innovet.at\/at\/#organization","name":"INNOVET \u00d6sterreich","url":"https:\/\/www.innovet.at\/at\/","logo":{"@type":"ImageObject","inLanguage":"de","@id":"https:\/\/www.innovet.at\/at\/#\/schema\/logo\/image\/","url":"https:\/\/www.innovet.at\/at\/wp-content\/uploads\/sites\/3\/2018\/09\/cropped-innovet-logo-orange.png","contentUrl":"https:\/\/www.innovet.at\/at\/wp-content\/uploads\/sites\/3\/2018\/09\/cropped-innovet-logo-orange.png","width":856,"height":323,"caption":"INNOVET \u00d6sterreich"},"image":{"@id":"https:\/\/www.innovet.at\/at\/#\/schema\/logo\/image\/"}}]}},"_links":{"self":[{"href":"https:\/\/www.innovet.at\/at\/wp-json\/wp\/v2\/pages\/382"}],"collection":[{"href":"https:\/\/www.innovet.at\/at\/wp-json\/wp\/v2\/pages"}],"about":[{"href":"https:\/\/www.innovet.at\/at\/wp-json\/wp\/v2\/types\/page"}],"author":[{"embeddable":true,"href":"https:\/\/www.innovet.at\/at\/wp-json\/wp\/v2\/users\/2"}],"replies":[{"embeddable":true,"href":"https:\/\/www.innovet.at\/at\/wp-json\/wp\/v2\/comments?post=382"}],"version-history":[{"count":14,"href":"https:\/\/www.innovet.at\/at\/wp-json\/wp\/v2\/pages\/382\/revisions"}],"predecessor-version":[{"id":451,"href":"https:\/\/www.innovet.at\/at\/wp-json\/wp\/v2\/pages\/382\/revisions\/451"}],"wp:attachment":[{"href":"https:\/\/www.innovet.at\/at\/wp-json\/wp\/v2\/media?parent=382"}],"curies":[{"name":"wp","href":"https:\/\/api.w.org\/{rel}","templated":true}]}}